{"id":19,"date":"2020-12-01T16:38:48","date_gmt":"2020-12-01T16:38:48","guid":{"rendered":"https:\/\/new.sapnufotostudija.lt\/?page_id=19"},"modified":"2025-09-04T07:26:57","modified_gmt":"2025-09-04T07:26:57","slug":"rezervacija","status":"publish","type":"page","link":"https:\/\/new.sapnufotostudija.lt\/en\/rezervacija\/","title":{"rendered":"Reservation"},"content":{"rendered":"<p>The reservation is accepted by writing a personal message to us <a href=\"http:\/\/Fb.com\/sapnufotostudija\" target=\"_blank\" rel=\"noopener\">Facebook<\/a>\u00a0 or <a href=\"https:\/\/www.instagram.com\/sapnufotostudija\/\" target=\"_blank\" rel=\"noopener\">Instagram<\/a> accounts, as well as by e-mail <a href=\"mailto:info@sapnufotostudija.lt\"><span style=\"text-decoration: underline;\">info@sapnufotostudija.lt<\/span><\/a><\/p>\n<p>1 hour rental price 50 eur.<br \/>Additional 30 min price is 20 eur.<br \/>Additional 1 hour price is 40 eur.<br \/>The price for the whole day (8 hours) is 250 euros.<\/p>\n<p>Loyalty program (valid from January 10 to October 15): 400 euros for 12 hours, which you can use in 2 months.<\/p>\n\n\n<h2>IMPORTANT! Be sure to read before booking a studio.<\/h2>\n\n\n\n<ol><li><strong>Go to the studio only at the appointed time<\/strong> (only one photo session participants can be inside at a time, so even if you arrive 15-20 minutes earlier, we will not be able to let you in)<\/li><li><strong>Take off\/change your shoes when you arrive at the studio<\/strong> (photoshoot shoes must be clean and dry, the studio floor is heated, but we still recommend that you have your own slippers)<\/li><li><strong>Leave the studio clean and tidy<\/strong> (if you're moving furniture, put it back and make sure you don't leave any trash behind in the shooting areas)<\/li><li><strong>Include clean-up time in the booking time<\/strong> (if you reserved time for an hour, you must be able to enter the studio, do the photoshoot, get ready and leave the studio during that time, because participants of another photo session may come right after you)<\/li><li><strong>Do not go up to the mezzanine\/second floor of the studio<\/strong> (the things there are private, they are not included in the studio rental price, so taking them arbitrarily and carrying them downstairs is prohibited)  <\/li><\/ol>\n\n\n\n<p><\/p>\n\n\n\n<h2 class=\"has-text-align-left\">CALENDAR<\/h2>\n\n\n\n<center><iframe src=\"https:\/\/calendar.google.com\/calendar\/embed?height=500&amp;wkst=2&amp;ctz=Europe%2FVilnius&amp;mode=WEEK&amp;showPrint=0&amp;showTitle=0&amp;showTz=0&amp;src=aTJkN2tpY2lndTVtaGo5MWhjNjB1MmZsZjBAZ3JvdXAuY2FsZW5kYXIuZ29vZ2xlLmNvbQ&amp;color=%23616161\" style=\"border-width:0\" width=\"100%\" height=\"600\" frameborder=\"0\" scrolling=\"no\"><\/iframe><\/center>\n\n\n\n<div style=\"height:25px\" aria-hidden=\"true\" class=\"wp-block-spacer\"><\/div>\n\n\n\n<ul class=\"wp-block-social-links aligncenter\">\n\n<li class=\"wp-social-link wp-social-link-facebook wp-block-social-link\"><a href=\"https:\/\/www.facebook.com\/sapnufotostudija\" aria-label=\"Facebook\" rel=\"noopener nofollow\" target=\"_blank\"> <svg width=\"24\" height=\"24\" viewbox=\"0 0 24 24\" version=\"1.1\" xmlns=\"http:\/\/www.w3.org\/2000\/svg\" role=\"img\" aria-hidden=\"true\" focusable=\"false\"><path d=\"M12 2C6.5 2 2 6.5 2 12c0 5 3.7 9.1 8.4 9.9v-7H7.9V12h2.5V9.8c0-2.5 1.5-3.9 3.8-3.9 1.1 0 2.2.2 2.2.2v2.5h-1.3c-1.2 0-1.6.8-1.6 1.6V12h2.8l-.4 2.9h-2.3v7C18.3 21.1 22 17 22 12c0-5.5-4.5-10-10-10z\"><\/path><\/svg><\/a><\/li>\n\n\n\n<li class=\"wp-social-link wp-social-link-instagram wp-block-social-link\"><a href=\"https:\/\/www.instagram.com\/sapnufotostudija\/\" aria-label=\"Instagram\" rel=\"noopener nofollow\" target=\"_blank\"> <svg width=\"24\" height=\"24\" viewbox=\"0 0 24 24\" version=\"1.1\" xmlns=\"http:\/\/www.w3.org\/2000\/svg\" role=\"img\" aria-hidden=\"true\" focusable=\"false\"><path d=\"M12,4.622c2.403,0,2.688,0.009,3.637,0.052c0.877,0.04,1.354,0.187,1.671,0.31c0.42,0.163,0.72,0.358,1.035,0.673 c0.315,0.315,0.51,0.615,0.673,1.035c0.123,0.317,0.27,0.794,0.31,1.671c0.043,0.949,0.052,1.234,0.052,3.637 s-0.009,2.688-0.052,3.637c-0.04,0.877-0.187,1.354-0.31,1.671c-0.163,0.42-0.358,0.72-0.673,1.035 c-0.315,0.315-0.615,0.51-1.035,0.673c-0.317,0.123-0.794,0.27-1.671,0.31c-0.949,0.043-1.233,0.052-3.637,0.052 s-2.688-0.009-3.637-0.052c-0.877-0.04-1.354-0.187-1.671-0.31c-0.42-0.163-0.72-0.358-1.035-0.673 c-0.315-0.315-0.51-0.615-0.673-1.035c-0.123-0.317-0.27-0.794-0.31-1.671C4.631,14.688,4.622,14.403,4.622,12 s0.009-2.688,0.052-3.637c0.04-0.877,0.187-1.354,0.31-1.671c0.163-0.42,0.358-0.72,0.673-1.035 c0.315-0.315,0.615-0.51,1.035-0.673c0.317-0.123,0.794-0.27,1.671-0.31C9.312,4.631,9.597,4.622,12,4.622 M12,3 C9.556,3,9.249,3.01,8.289,3.054C7.331,3.098,6.677,3.25,6.105,3.472C5.513,3.702,5.011,4.01,4.511,4.511 c-0.5,0.5-0.808,1.002-1.038,1.594C3.25,6.677,3.098,7.331,3.054,8.289C3.01,9.249,3,9.556,3,12c0,2.444,0.01,2.751,0.054,3.711 c0.044,0.958,0.196,1.612,0.418,2.185c0.23,0.592,0.538,1.094,1.038,1.594c0.5,0.5,1.002,0.808,1.594,1.038 c0.572,0.222,1.227,0.375,2.185,0.418C9.249,20.99,9.556,21,12,21s2.751-0.01,3.711-0.054c0.958-0.044,1.612-0.196,2.185-0.418 c0.592-0.23,1.094-0.538,1.594-1.038c0.5-0.5,0.808-1.002,1.038-1.594c0.222-0.572,0.375-1.227,0.418-2.185 C20.99,14.751,21,14.444,21,12s-0.01-2.751-0.054-3.711c-0.044-0.958-0.196-1.612-0.418-2.185c-0.23-0.592-0.538-1.094-1.038-1.594 c-0.5-0.5-1.002-0.808-1.594-1.038c-0.572-0.222-1.227-0.375-2.185-0.418C14.751,3.01,14.444,3,12,3L12,3z M12,7.378 c-2.552,0-4.622,2.069-4.622,4.622S9.448,16.622,12,16.622s4.622-2.069,4.622-4.622S14.552,7.378,12,7.378z M12,15 c-1.657,0-3-1.343-3-3s1.343-3,3-3s3,1.343,3,3S13.657,15,12,15z M16.804,6.116c-0.596,0-1.08,0.484-1.08,1.08 s0.484,1.08,1.08,1.08c0.596,0,1.08-0.484,1.08-1.08S17.401,6.116,16.804,6.116z\"><\/path><\/svg><\/a><\/li>\n\n\n\n<\/ul>\n\n\n\n<p><\/p>","protected":false},"excerpt":{"rendered":"<p>Rezervacija priimama ra\u0161ant asmenin\u0119 \u017einut\u0119 m\u016bs\u0173 Facebook\u00a0 arba Instagram paskyroms, o taip pat el. pa\u0161tu info@sapnufotostudija.lt 1 val. nuomos kaina 50 eur.Papildom\u0173 30 min kaina 20 eur.Papildomos valandos kaina 40 eur.Visos dienos (8 valand\u0173) kaina 250 eur. Lojalumo programa (galioja nuo sausio 10 d. iki spalio 15 d.): 400 eur u\u017e 12 valand\u0173, kurias galite [&hellip;]<\/p>","protected":false},"author":1,"featured_media":0,"parent":0,"menu_order":0,"comment_status":"closed","ping_status":"closed","template":"","meta":[],"_links":{"self":[{"href":"https:\/\/new.sapnufotostudija.lt\/en\/wp-json\/wp\/v2\/pages\/19"}],"collection":[{"href":"https:\/\/new.sapnufotostudija.lt\/en\/wp-json\/wp\/v2\/pages"}],"about":[{"href":"https:\/\/new.sapnufotostudija.lt\/en\/wp-json\/wp\/v2\/types\/page"}],"author":[{"embeddable":true,"href":"https:\/\/new.sapnufotostudija.lt\/en\/wp-json\/wp\/v2\/users\/1"}],"replies":[{"embeddable":true,"href":"https:\/\/new.sapnufotostudija.lt\/en\/wp-json\/wp\/v2\/comments?post=19"}],"version-history":[{"count":44,"href":"https:\/\/new.sapnufotostudija.lt\/en\/wp-json\/wp\/v2\/pages\/19\/revisions"}],"predecessor-version":[{"id":700,"href":"https:\/\/new.sapnufotostudija.lt\/en\/wp-json\/wp\/v2\/pages\/19\/revisions\/700"}],"wp:attachment":[{"href":"https:\/\/new.sapnufotostudija.lt\/en\/wp-json\/wp\/v2\/media?parent=19"}],"curies":[{"name":"wp","href":"https:\/\/api.w.org\/{rel}","templated":true}]}}