{"id":199,"date":"2020-12-24T12:52:07","date_gmt":"2020-12-24T12:52:07","guid":{"rendered":"https:\/\/new.sapnufotostudija.lt\/?page_id=199"},"modified":"2020-12-24T12:52:52","modified_gmt":"2020-12-24T12:52:52","slug":"slapuku-politika","status":"publish","type":"page","link":"https:\/\/new.sapnufotostudija.lt\/en\/slapuku-politika\/","title":{"rendered":"Slapuk\u0173 politika"},"content":{"rendered":"<p><strong>Kas yra slapukai?<\/strong><\/p>\n\n\n\n<p>Slapukai yra nedideli tekstiniai failai, kurie atsiun\u010diami \u012f J\u016bs\u0173 \u012frengin\u012f, Jums besilankant atitinkamoje interneto svetain\u0117je. Slapukai padeda mums atpa\u017einti J\u016bs\u0173 \u012frengin\u012f ir padeda mums pagerinti m\u016bs\u0173 interneto svetain\u0117s funkcionalum\u0105 bei palengvinti naudojim\u0105si ja. Slapukai n\u0117ra virusai. Slapuk\u0173 naudojimas yra visi\u0161kai saugus J\u016bs\u0173 \u012frenginiams ir informacijai esan\u010diai juose.<\/p>\n\n\n\n<p><strong>Kam mes naudojame slapukus?<\/strong><\/p>\n\n\n\n<p>Slapukus mes naudojame siekdami pagerinti m\u016bs\u0173 interneto svetain\u0117s bei mobiliosios aplikacijos funkcionalum\u0105 bei palengvinti naudojim\u0105si ja. Slapukus mes taip pat naudojame siekdami individualizuoti j\u016bs\u0173 nar\u0161ymo patirt\u012f ir Jums rodom\u0105 turin\u012f bei pateikti informacij\u0105 ir pasi\u016blymus, kurie b\u016bt\u0173 aktual\u016bs b\u016btent Jums. Slapukais mes analizuojame J\u016bs\u0173 nar\u0161ymo istorij\u0105 ir \u0161iuos duomenis naudojame siekdami sudaryti Jums galimyb\u0119 naudotis m\u016bs\u0173 paslaugomis, statistin\u0117s analiz\u0117s tikslams, nor\u0117dami, pateikti Jums komercinius ir reklaminius pasi\u016blymus. J\u016bs\u0173 nuasmeninti nar\u0161ymo duomenys, pagal kuriuos, negalima nustatyti asmenyb\u0117s, gali b\u016bti perduoti&nbsp;reklamos paslaug\u0173 partneriams.<\/p>\n\n\n\n<p><strong>Kokius slapukus mes naudojame?<\/strong><\/p>\n\n\n\n<p><strong>Techniniai slapukai<\/strong>. Techniniai slapukai padeda atvaizduoti Jums interneto svetain\u0117s bei mobiliosios aplikacijos turin\u012f J\u016bs\u0173 \u012frenginyje. Technini\u0173 slapuk\u0173 pagalba &nbsp;u\u017etikrinama interneto svetain\u0117s bei mobiliosios aplikacijos funkcionalum\u0105, bei prisitaikym\u0105 prie J\u016bs\u0173 poreiki\u0173, pavyzd\u017eiui svetain\u0117s atvaizdavim\u0105 pritaikyti J\u016bs\u0173 ekrano dyd\u017eiui. Techniniai slapukai yra b\u016btini tinkamam interneto svetain\u0117s ir mobiliosios aplikacijos veikimui. Be j\u0173 negalima &nbsp;sudaryti galimyb\u0117s visapusi\u0161kai naudotis m\u016bs\u0173 interneto svetaine ir mobili\u0105ja aplikacija. Techniniai slapukai taip pat u\u017etikrina, kad Jums davus sutikim\u0105 to nereik\u0117s daryti pakartotinai kiekvien\u0105 kart\u0105 Jums besilankant m\u016bs\u0173 interneto svetain\u0117je ar mobiliojoje aplikacijoje.<br>\u0160ie slapukai nerenka apie Jus informacijos, kuri naudojama prekybai ar rinkodarai.<\/p>\n\n\n\n<p><strong>Funkciniai slapukai<\/strong>. Funkciniai slapukai yra skirti pagerinti &nbsp;interneto svetain\u0117s bei mobiliosios aplikacijos funkcionalum\u0105, padaryti interneto svetain\u0119 bei mobili\u0105j\u0105 aplikacij\u0105 patogi\u0105 bei efektyvi\u0105 J\u016bs\u0173 naudojimui. Funkciniai slapukai gali b\u016bti naudojami J\u016bs\u0173 pasirinktai interneto svetain\u0117s ar mobiliosios aplikacijos kalbai i\u0161saugoti, Jums pageidaujant, funkciniai slapukai padeda automati\u0161kai \u012fsiminti J\u016bs\u0173 registracijos duomenis, i\u0161saugoti J\u016bs\u0173 pasirinktus projektus ir atlieka pana\u0161ias interneto tinklapio ir mobiliosios aplikacijos J\u016bs\u0173 pasirinkto veikimo palaikymo funkcijas.<br>\u0160ie slapukai nerenka apie Jus informacijos, kuri naudojama prekybai ar rinkodarai.<\/p>\n\n\n\n<p><strong>Analitiniai slapukai.&nbsp;<\/strong>Analitiniais slapukais mes siekiame geriau pa\u017einti m\u016bs\u0173 interneto svetain\u0117s ir mobiliosios aplikacijos lankytojus, kad gal\u0117tume kuo efektyviau pritaikyti m\u016bs\u0173 interneto svetain\u0117s ir mobiliosios aplikacijos veikim\u0105 prie J\u016bs\u0173 poreiki\u0173 ir nor\u0173. Analitini\u0173 slapuk\u0173 pagalba analizuojame savo veikl\u0105 k\u0105 darome teisingai, o k\u0105 turime tobulinti. Analitiniai slapukai taip pat mums padeda gerinti savo veikl\u0105 ir u\u017etikrinti, kad J\u016bs\u0173 apsilankymai m\u016bs\u0173 interneto tinklapyje ar mobiliojoje aplikacijoje Jums b\u016bt\u0173 naudingi, o informacija aktuali. Analitini\u0173 slapuk\u0173 surinkta informacija yra bendrin\u0117 ir n\u0117ra individualizuota. Analitini\u0173 slapuk\u0173 informacij\u0105 gali b\u016bti panaudota siekiant &nbsp;atvaizduoti populiariausius \u017ei\u016br\u0117tus projektus, pateikti informacij\u0105 apie \u0161iuo metu aktualiausius projektus ir kit\u0105 nauding\u0105 informacij\u0105 Jums nar\u0161ant. &nbsp;Analitiniai slapukai gali b\u016bti panaudojami ir siekiant \u012fvertinti m\u016bs\u0173 reklamini\u0173 kampanij\u0173 tikslingum\u0105.<\/p>\n\n\n\n<p><strong>Tiksliniai (komerciniai) slapukai.&nbsp;<\/strong>Tikslinius (komercinius) slapukus&nbsp;naudojame siekiant individualizuoti J\u016bs\u0173 nar\u0161ymo patirt\u012f ir Jums rodom\u0105 turin\u012f bei pateikti pasi\u016blymus, kurie b\u016bt\u0173 aktual\u016bs b\u016btent Jums. Tiksliniais slapukais analizuojama &nbsp;nar\u0161ymo istorija ir \u0161ie duomenys naudojami siekiant, pateikti jums komercinius pasi\u016blymus. Pavyzd\u017eiui Jums domintis butais su daline apdaila, pasi\u016blyti \u012fsirengimo sprendimus.&nbsp;J\u016bs\u0173 nuasmeninti nar\u0161ymo duomenys, pagal kuriuos, negalima nustatyti asmenyb\u0117s, gali b\u016bti perduoti &nbsp;reklamos paslaug\u0173 partneriams.<\/p>\n\n\n\n<p><strong>Tre\u010di\u0173j\u0173 \u0161ali\u0173 naudojami slapukai<\/strong><\/p>\n\n\n\n<p>Esame kruop\u0161\u010diai patikrin\u0119 ir atrink\u0119 partneri\u0173 s\u0105ra\u0161\u0105, kurie yra \u012fsidieg\u0119 papildomus slapukus, kurie neturi galimyb\u0117s pasiekti J\u016bs\u0173 asmens duomen\u0173 ir negali b\u016bti susieti su konkre\u010dia asmenybe, ta\u010diau \u012fgalina u\u017etikrinti skland\u0173 paslaugos teikim\u0105. Pavyzd\u017eiui leid\u017eia palikti anonimin\u012f komentar\u0105 ar atsiliepim\u0105 apie m\u016bs\u0173 paslaugas, kuriuos analizuojame padedant partneriams.<\/p>\n\n\n\n<p><strong>Kaip galiu valdyti slapuk\u0173 nustatymus?<\/strong><\/p>\n\n\n\n<p>Slapukus galite valdyti per savo naudojamos nar\u0161ykl\u0117s nustatymus pasirinkdami, kuriuos slapukus norite priimti ir kuriuos i\u0161trinti. &nbsp;Slapuk\u0173 galite atsisakyti bet kuriuo metu i\u0161trindami slapukus i\u0161 savo nar\u0161ykl\u0117s, kurioje jie yra \u012fdiegti. Slapuk\u0173 valdymo vieta priklauso nuo J\u016bs\u0173 naudojamos nar\u0161ykl\u0117s. Nor\u0117dami daugiau su\u017einoti kaip tvarkyti ar pa\u0161alinti J\u016bs\u0173 nar\u0161ykl\u0117je \u012fdiegtus slapukus, apsilankykite J\u016bs\u0173 naudojamos nar\u0161ykl\u0117s interneto puslapyje arba per\u017ei\u016br\u0117kite trump\u0105 instrukcij\u0105 populiariausioms nar\u0161ykl\u0117ms \u010dia:&nbsp;<a href=\"https:\/\/support.google.com\/chrome\/answer\/95647?co=GENIE.Platform%3DDesktop&amp;hl=lt\">Chrome<\/a>;&nbsp;<a href=\"https:\/\/support.mozilla.org\/lt\/kb\/Slapuk%C5%B3%20valdymas\">Mozilla<\/a>,&nbsp;<a href=\"https:\/\/support.microsoft.com\/lt-lt\/help\/10607\/microsoft-edge-view-delete-browser-history\">Edge<\/a>;&nbsp;<a href=\"https:\/\/support.apple.com\/kb\/ph21411?locale=en_US\">Safari<\/a>;&nbsp;<a href=\"https:\/\/www.opera.com\/help\/tutorials\/security\/privacy\/\">Opera<\/a>.<\/p>\n\n\n\n<p>J\u016bs taip pat galite bet kada at\u0161aukti savo duot\u0105 sutikim\u0105 d\u0117l slapuk\u0173 naudojimo pateikdami mums pra\u0161ym\u0105 elektroniniu pa\u0161tu\u00a0<strong><a href=\"mailto:info@sapnufotostudija.lt\" target=\"_blank\" rel=\"noreferrer noopener\">info@sapnufotostudija.lt<\/a><\/strong>\u00a0. At\u0161aukdami savo sutikim\u0105 d\u0117l slapuk\u0173 naudojimo J\u016bs taip pat turite i\u0161trinti J\u016bs\u0173 nar\u0161ykl\u0117je \u012fdiegtus slapukus.<\/p>\n\n\n\n<p>Svarbu \u017einoti, kad naudotis svetaine atsisakius technini\u0173, funkcini\u0173 ir analitini\u0173 slapuk\u0173 nebus galima, tod\u0117l slapuk\u0173 trinti ar blokuoti nerekomenduojame.<\/p>","protected":false},"excerpt":{"rendered":"<p>Kas yra slapukai? Slapukai yra nedideli tekstiniai failai, kurie atsiun\u010diami \u012f J\u016bs\u0173 \u012frengin\u012f, Jums besilankant atitinkamoje interneto svetain\u0117je. Slapukai padeda mums atpa\u017einti J\u016bs\u0173 \u012frengin\u012f ir padeda mums pagerinti m\u016bs\u0173 interneto svetain\u0117s funkcionalum\u0105 bei palengvinti naudojim\u0105si ja. Slapukai n\u0117ra virusai. Slapuk\u0173 naudojimas yra visi\u0161kai saugus J\u016bs\u0173 \u012frenginiams ir informacijai esan\u010diai juose. Kam mes naudojame slapukus? Slapukus [&hellip;]<\/p>","protected":false},"author":1,"featured_media":0,"parent":0,"menu_order":0,"comment_status":"closed","ping_status":"closed","template":"","meta":[],"_links":{"self":[{"href":"https:\/\/new.sapnufotostudija.lt\/en\/wp-json\/wp\/v2\/pages\/199"}],"collection":[{"href":"https:\/\/new.sapnufotostudija.lt\/en\/wp-json\/wp\/v2\/pages"}],"about":[{"href":"https:\/\/new.sapnufotostudija.lt\/en\/wp-json\/wp\/v2\/types\/page"}],"author":[{"embeddable":true,"href":"https:\/\/new.sapnufotostudija.lt\/en\/wp-json\/wp\/v2\/users\/1"}],"replies":[{"embeddable":true,"href":"https:\/\/new.sapnufotostudija.lt\/en\/wp-json\/wp\/v2\/comments?post=199"}],"version-history":[{"count":3,"href":"https:\/\/new.sapnufotostudija.lt\/en\/wp-json\/wp\/v2\/pages\/199\/revisions"}],"predecessor-version":[{"id":202,"href":"https:\/\/new.sapnufotostudija.lt\/en\/wp-json\/wp\/v2\/pages\/199\/revisions\/202"}],"wp:attachment":[{"href":"https:\/\/new.sapnufotostudija.lt\/en\/wp-json\/wp\/v2\/media?parent=199"}],"curies":[{"name":"wp","href":"https:\/\/api.w.org\/{rel}","templated":true}]}}