{"id":26,"date":"2020-12-01T16:54:49","date_gmt":"2020-12-01T16:54:49","guid":{"rendered":"https:\/\/new.sapnufotostudija.lt\/?page_id=26"},"modified":"2026-02-04T09:32:41","modified_gmt":"2026-02-04T09:32:41","slug":"titulinis","status":"publish","type":"page","link":"https:\/\/new.sapnufotostudija.lt\/en\/","title":{"rendered":"Home"},"content":{"rendered":"<h2>Apie mus<\/h2>\n\n\n\n<p>\"Sapnu fotostudija\" is a place where you can freely realize the most diverse photoshoot ideas. In more than 70 sq. m. space you will find four walls of different decorations (white with frames, black rough, aged brown and gray rough) with plenty of props, a brightly equipped kitchen and a wide windowsill. 5 meter high ceilings, large windows, Godox SL200II and Godox SL60 constant light lamps, Godox QS600II and Godox QT400II flashes, plenty of softboxes, white floor and ceiling, powerful lamps - all this to ensure that there is no shortage of light.&nbsp;<a href=\"https:\/\/new.sapnufotostudija.lt\/en\/iranga\/?trp-edit-translation=preview\">Information about equipment and facilities.<\/a>&nbsp;\"Sapnu fotostudija\" is constantly renewing itself, looking for ways to make photographers and their models even happier, so follow our news on Facebook and Instagram accounts, because maybe right now we are just preparing the composition of your dreams.<\/p>\n\n\n\n<h2>Price<\/h2>\n\n\n<p>1 hour rental price 50 eur.<br>Additional 30 min price is 20 eur.<br>Additional 1 hour price is 40 eur.<br>The price for the whole day (8 hours) is 250 euros.<\/p>\n<p>Loyalty program (valid from January 10 to October 15): 400 euros for 12 hours, which you can use in 2 months.<\/p>\n\n\n<h2>Reservation<\/h2>\n\n\n\n<p>To reserve time at the studio, check availability in the availability calendar and be sure to read the rules. You can find all this on the page <a href=\"https:\/\/new.sapnufotostudija.lt\/en\/rezervacija\/\" data-type=\"URL\" data-id=\"https:\/\/new.sapnufotostudija.lt\/rezervacija\/\">\"Reservation\"<\/a>.<\/p>\n\n\n\n<div style=\"height:25px\" aria-hidden=\"true\" class=\"wp-block-spacer\"><\/div>\n\n\n\n<ul class=\"wp-block-social-links aligncenter is-style-default\"><li class=\"wp-social-link wp-social-link-facebook wp-block-social-link\"><a href=\"https:\/\/www.facebook.com\/sapnufotostudija\" aria-label=\"Facebook\" rel=\"noopener nofollow\" target=\"_blank\"> <svg width=\"24\" height=\"24\" viewbox=\"0 0 24 24\" version=\"1.1\" xmlns=\"http:\/\/www.w3.org\/2000\/svg\" role=\"img\" aria-hidden=\"true\" focusable=\"false\"><path d=\"M12 2C6.5 2 2 6.5 2 12c0 5 3.7 9.1 8.4 9.9v-7H7.9V12h2.5V9.8c0-2.5 1.5-3.9 3.8-3.9 1.1 0 2.2.2 2.2.2v2.5h-1.3c-1.2 0-1.6.8-1.6 1.6V12h2.8l-.4 2.9h-2.3v7C18.3 21.1 22 17 22 12c0-5.5-4.5-10-10-10z\"><\/path><\/svg><\/a><\/li>\n\n\n\n<li class=\"wp-social-link wp-social-link-instagram wp-block-social-link\"><a href=\"https:\/\/www.instagram.com\/sapnufotostudija\/\" aria-label=\"Instagram\" rel=\"noopener nofollow\" target=\"_blank\"> <svg width=\"24\" height=\"24\" viewbox=\"0 0 24 24\" version=\"1.1\" xmlns=\"http:\/\/www.w3.org\/2000\/svg\" role=\"img\" aria-hidden=\"true\" focusable=\"false\"><path d=\"M12,4.622c2.403,0,2.688,0.009,3.637,0.052c0.877,0.04,1.354,0.187,1.671,0.31c0.42,0.163,0.72,0.358,1.035,0.673 c0.315,0.315,0.51,0.615,0.673,1.035c0.123,0.317,0.27,0.794,0.31,1.671c0.043,0.949,0.052,1.234,0.052,3.637 s-0.009,2.688-0.052,3.637c-0.04,0.877-0.187,1.354-0.31,1.671c-0.163,0.42-0.358,0.72-0.673,1.035 c-0.315,0.315-0.615,0.51-1.035,0.673c-0.317,0.123-0.794,0.27-1.671,0.31c-0.949,0.043-1.233,0.052-3.637,0.052 s-2.688-0.009-3.637-0.052c-0.877-0.04-1.354-0.187-1.671-0.31c-0.42-0.163-0.72-0.358-1.035-0.673 c-0.315-0.315-0.51-0.615-0.673-1.035c-0.123-0.317-0.27-0.794-0.31-1.671C4.631,14.688,4.622,14.403,4.622,12 s0.009-2.688,0.052-3.637c0.04-0.877,0.187-1.354,0.31-1.671c0.163-0.42,0.358-0.72,0.673-1.035 c0.315-0.315,0.615-0.51,1.035-0.673c0.317-0.123,0.794-0.27,1.671-0.31C9.312,4.631,9.597,4.622,12,4.622 M12,3 C9.556,3,9.249,3.01,8.289,3.054C7.331,3.098,6.677,3.25,6.105,3.472C5.513,3.702,5.011,4.01,4.511,4.511 c-0.5,0.5-0.808,1.002-1.038,1.594C3.25,6.677,3.098,7.331,3.054,8.289C3.01,9.249,3,9.556,3,12c0,2.444,0.01,2.751,0.054,3.711 c0.044,0.958,0.196,1.612,0.418,2.185c0.23,0.592,0.538,1.094,1.038,1.594c0.5,0.5,1.002,0.808,1.594,1.038 c0.572,0.222,1.227,0.375,2.185,0.418C9.249,20.99,9.556,21,12,21s2.751-0.01,3.711-0.054c0.958-0.044,1.612-0.196,2.185-0.418 c0.592-0.23,1.094-0.538,1.594-1.038c0.5-0.5,0.808-1.002,1.038-1.594c0.222-0.572,0.375-1.227,0.418-2.185 C20.99,14.751,21,14.444,21,12s-0.01-2.751-0.054-3.711c-0.044-0.958-0.196-1.612-0.418-2.185c-0.23-0.592-0.538-1.094-1.038-1.594 c-0.5-0.5-1.002-0.808-1.594-1.038c-0.572-0.222-1.227-0.375-2.185-0.418C14.751,3.01,14.444,3,12,3L12,3z M12,7.378 c-2.552,0-4.622,2.069-4.622,4.622S9.448,16.622,12,16.622s4.622-2.069,4.622-4.622S14.552,7.378,12,7.378z M12,15 c-1.657,0-3-1.343-3-3s1.343-3,3-3s3,1.343,3,3S13.657,15,12,15z M16.804,6.116c-0.596,0-1.08,0.484-1.08,1.08 s0.484,1.08,1.08,1.08c0.596,0,1.08-0.484,1.08-1.08S17.401,6.116,16.804,6.116z\"><\/path><\/svg><\/a><\/li>\n\n\n\n<\/ul>\n\n\n\n<figure class=\"wp-block-gallery columns-3 is-cropped\"><ul class=\"blocks-gallery-grid\"><li class=\"blocks-gallery-item\"><figure><a href=\"https:\/\/new.sapnufotostudija.lt\/wp-content\/uploads\/2024\/02\/Baltalygisiena.jpg\"><img loading=\"lazy\" width=\"1024\" height=\"681\" src=\"https:\/\/new.sapnufotostudija.lt\/wp-content\/uploads\/2024\/02\/Baltalygisiena.jpg\" alt=\"\" data-id=\"621\" data-full-url=\"https:\/\/new.sapnufotostudija.lt\/wp-content\/uploads\/2024\/02\/Baltalygisiena.jpg\" data-link=\"https:\/\/new.sapnufotostudija.lt\/baltalygisiena\/\" class=\"wp-image-621\" srcset=\"https:\/\/new.sapnufotostudija.lt\/wp-content\/uploads\/2024\/02\/Baltalygisiena.jpg 2560w, https:\/\/new.sapnufotostudija.lt\/wp-content\/uploads\/2024\/02\/Baltalygisiena-300x200.jpg 300w, https:\/\/new.sapnufotostudija.lt\/wp-content\/uploads\/2024\/02\/Baltalygisiena-1024x681.jpg 1024w, https:\/\/new.sapnufotostudija.lt\/wp-content\/uploads\/2024\/02\/Baltalygisiena-768x511.jpg 768w, https:\/\/new.sapnufotostudija.lt\/wp-content\/uploads\/2024\/02\/Baltalygisiena-1536x1022.jpg 1536w, https:\/\/new.sapnufotostudija.lt\/wp-content\/uploads\/2024\/02\/Baltalygisiena-2048x1362.jpg 2048w, https:\/\/new.sapnufotostudija.lt\/wp-content\/uploads\/2024\/02\/Baltalygisiena-18x12.jpg 18w, https:\/\/new.sapnufotostudija.lt\/wp-content\/uploads\/2024\/02\/Baltalygisiena-600x399.jpg 600w\" sizes=\"(max-width: 1024px) 100vw, 1024px\" \/><\/a><\/figure><\/li><li class=\"blocks-gallery-item\"><figure><a href=\"https:\/\/new.sapnufotostudija.lt\/wp-content\/uploads\/2022\/03\/Scena10.jpg\"><img loading=\"lazy\" width=\"1024\" height=\"681\" src=\"https:\/\/new.sapnufotostudija.lt\/wp-content\/uploads\/2022\/03\/Scena10-1024x681.jpg\" alt=\"\" data-id=\"472\" data-full-url=\"https:\/\/new.sapnufotostudija.lt\/wp-content\/uploads\/2022\/03\/Scena10.jpg\" data-link=\"https:\/\/new.sapnufotostudija.lt\/scena10\/\" class=\"wp-image-472\" srcset=\"\" sizes=\"(max-width: 1024px) 100vw, 1024px\" data-srcset=\"\" \/><\/a><\/figure><\/li><li class=\"blocks-gallery-item\"><figure><a href=\"https:\/\/new.sapnufotostudija.lt\/wp-content\/uploads\/2024\/02\/Balksvagrubleta.jpg\"><img loading=\"lazy\" width=\"1024\" height=\"681\" src=\"https:\/\/new.sapnufotostudija.lt\/wp-content\/uploads\/2024\/02\/Balksvagrubleta.jpg\" alt=\"\" data-id=\"626\" data-full-url=\"https:\/\/new.sapnufotostudija.lt\/wp-content\/uploads\/2024\/02\/Balksvagrubleta.jpg\" data-link=\"https:\/\/new.sapnufotostudija.lt\/balksvagrubleta\/\" class=\"wp-image-626\" srcset=\"https:\/\/new.sapnufotostudija.lt\/wp-content\/uploads\/2024\/02\/Balksvagrubleta.jpg 2560w, https:\/\/new.sapnufotostudija.lt\/wp-content\/uploads\/2024\/02\/Balksvagrubleta-300x200.jpg 300w, https:\/\/new.sapnufotostudija.lt\/wp-content\/uploads\/2024\/02\/Balksvagrubleta-1024x681.jpg 1024w, https:\/\/new.sapnufotostudija.lt\/wp-content\/uploads\/2024\/02\/Balksvagrubleta-768x511.jpg 768w, https:\/\/new.sapnufotostudija.lt\/wp-content\/uploads\/2024\/02\/Balksvagrubleta-1536x1022.jpg 1536w, https:\/\/new.sapnufotostudija.lt\/wp-content\/uploads\/2024\/02\/Balksvagrubleta-2048x1362.jpg 2048w, https:\/\/new.sapnufotostudija.lt\/wp-content\/uploads\/2024\/02\/Balksvagrubleta-18x12.jpg 18w, https:\/\/new.sapnufotostudija.lt\/wp-content\/uploads\/2024\/02\/Balksvagrubleta-600x399.jpg 600w\" sizes=\"(max-width: 1024px) 100vw, 1024px\" \/><\/a><\/figure><\/li><\/ul><\/figure>\n\n\n\n<figure class=\"wp-block-gallery columns-0 is-cropped\"><ul class=\"blocks-gallery-grid\"><li class=\"blocks-gallery-item\"><figure><a href=\"https:\/\/new.sapnufotostudija.lt\/wp-content\/uploads\/2025\/02\/Bendra5-1.jpg\"><img loading=\"lazy\" width=\"1024\" height=\"576\" src=\"https:\/\/new.sapnufotostudija.lt\/wp-content\/uploads\/2025\/02\/Bendra5-1-1024x576.jpg\" alt=\"\" data-id=\"689\" data-full-url=\"https:\/\/new.sapnufotostudija.lt\/wp-content\/uploads\/2025\/02\/Bendra5-1.jpg\" data-link=\"https:\/\/new.sapnufotostudija.lt\/titulinis\/bendra5-1\/\" class=\"wp-image-689\" srcset=\"https:\/\/new.sapnufotostudija.lt\/wp-content\/uploads\/2025\/02\/Bendra5-1-1024x576.jpg 1024w, https:\/\/new.sapnufotostudija.lt\/wp-content\/uploads\/2025\/02\/Bendra5-1-300x169.jpg 300w, https:\/\/new.sapnufotostudija.lt\/wp-content\/uploads\/2025\/02\/Bendra5-1-768x432.jpg 768w, https:\/\/new.sapnufotostudija.lt\/wp-content\/uploads\/2025\/02\/Bendra5-1-1536x864.jpg 1536w, https:\/\/new.sapnufotostudija.lt\/wp-content\/uploads\/2025\/02\/Bendra5-1-2048x1152.jpg 2048w, https:\/\/new.sapnufotostudija.lt\/wp-content\/uploads\/2025\/02\/Bendra5-1-18x10.jpg 18w, https:\/\/new.sapnufotostudija.lt\/wp-content\/uploads\/2025\/02\/Bendra5-1-1160x653.jpg 1160w, https:\/\/new.sapnufotostudija.lt\/wp-content\/uploads\/2025\/02\/Bendra5-1-600x338.jpg 600w\" sizes=\"(max-width: 1024px) 100vw, 1024px\" \/><\/a><\/figure><\/li><li class=\"blocks-gallery-item\"><figure><a href=\"https:\/\/new.sapnufotostudija.lt\/wp-content\/uploads\/2025\/02\/Bendra6-1.jpg\"><img loading=\"lazy\" width=\"1024\" height=\"576\" src=\"https:\/\/new.sapnufotostudija.lt\/wp-content\/uploads\/2025\/02\/Bendra6-1-1024x576.jpg\" alt=\"\" data-id=\"690\" data-full-url=\"https:\/\/new.sapnufotostudija.lt\/wp-content\/uploads\/2025\/02\/Bendra6-1.jpg\" data-link=\"https:\/\/new.sapnufotostudija.lt\/titulinis\/bendra6-1\/\" class=\"wp-image-690\" srcset=\"https:\/\/new.sapnufotostudija.lt\/wp-content\/uploads\/2025\/02\/Bendra6-1-1024x576.jpg 1024w, https:\/\/new.sapnufotostudija.lt\/wp-content\/uploads\/2025\/02\/Bendra6-1-300x169.jpg 300w, https:\/\/new.sapnufotostudija.lt\/wp-content\/uploads\/2025\/02\/Bendra6-1-768x432.jpg 768w, https:\/\/new.sapnufotostudija.lt\/wp-content\/uploads\/2025\/02\/Bendra6-1-1536x864.jpg 1536w, https:\/\/new.sapnufotostudija.lt\/wp-content\/uploads\/2025\/02\/Bendra6-1-2048x1152.jpg 2048w, https:\/\/new.sapnufotostudija.lt\/wp-content\/uploads\/2025\/02\/Bendra6-1-18x10.jpg 18w, https:\/\/new.sapnufotostudija.lt\/wp-content\/uploads\/2025\/02\/Bendra6-1-1160x653.jpg 1160w, https:\/\/new.sapnufotostudija.lt\/wp-content\/uploads\/2025\/02\/Bendra6-1-600x338.jpg 600w\" sizes=\"(max-width: 1024px) 100vw, 1024px\" \/><\/a><\/figure><\/li><li class=\"blocks-gallery-item\"><figure><a href=\"https:\/\/new.sapnufotostudija.lt\/wp-content\/uploads\/2025\/02\/Bendra7-1.jpg\"><img loading=\"lazy\" width=\"1024\" height=\"576\" src=\"https:\/\/new.sapnufotostudija.lt\/wp-content\/uploads\/2025\/02\/Bendra7-1-1024x576.jpg\" alt=\"\" data-id=\"691\" data-full-url=\"https:\/\/new.sapnufotostudija.lt\/wp-content\/uploads\/2025\/02\/Bendra7-1.jpg\" data-link=\"https:\/\/new.sapnufotostudija.lt\/titulinis\/bendra7-1\/\" class=\"wp-image-691\" srcset=\"https:\/\/new.sapnufotostudija.lt\/wp-content\/uploads\/2025\/02\/Bendra7-1-1024x576.jpg 1024w, https:\/\/new.sapnufotostudija.lt\/wp-content\/uploads\/2025\/02\/Bendra7-1-300x169.jpg 300w, https:\/\/new.sapnufotostudija.lt\/wp-content\/uploads\/2025\/02\/Bendra7-1-768x432.jpg 768w, https:\/\/new.sapnufotostudija.lt\/wp-content\/uploads\/2025\/02\/Bendra7-1-1536x864.jpg 1536w, https:\/\/new.sapnufotostudija.lt\/wp-content\/uploads\/2025\/02\/Bendra7-1-2048x1152.jpg 2048w, https:\/\/new.sapnufotostudija.lt\/wp-content\/uploads\/2025\/02\/Bendra7-1-18x10.jpg 18w, https:\/\/new.sapnufotostudija.lt\/wp-content\/uploads\/2025\/02\/Bendra7-1-1160x653.jpg 1160w, https:\/\/new.sapnufotostudija.lt\/wp-content\/uploads\/2025\/02\/Bendra7-1-600x338.jpg 600w\" sizes=\"(max-width: 1024px) 100vw, 1024px\" \/><\/a><\/figure><\/li><li class=\"blocks-gallery-item\"><figure><a href=\"https:\/\/new.sapnufotostudija.lt\/wp-content\/uploads\/2025\/02\/Bendra8-1.jpg\"><img loading=\"lazy\" width=\"1024\" height=\"576\" src=\"https:\/\/new.sapnufotostudija.lt\/wp-content\/uploads\/2025\/02\/Bendra8-1-1024x576.jpg\" alt=\"\" data-id=\"692\" data-full-url=\"https:\/\/new.sapnufotostudija.lt\/wp-content\/uploads\/2025\/02\/Bendra8-1.jpg\" data-link=\"https:\/\/new.sapnufotostudija.lt\/titulinis\/bendra8-1\/\" class=\"wp-image-692\" srcset=\"https:\/\/new.sapnufotostudija.lt\/wp-content\/uploads\/2025\/02\/Bendra8-1-1024x576.jpg 1024w, https:\/\/new.sapnufotostudija.lt\/wp-content\/uploads\/2025\/02\/Bendra8-1-300x169.jpg 300w, https:\/\/new.sapnufotostudija.lt\/wp-content\/uploads\/2025\/02\/Bendra8-1-768x432.jpg 768w, https:\/\/new.sapnufotostudija.lt\/wp-content\/uploads\/2025\/02\/Bendra8-1-1536x864.jpg 1536w, https:\/\/new.sapnufotostudija.lt\/wp-content\/uploads\/2025\/02\/Bendra8-1-2048x1152.jpg 2048w, https:\/\/new.sapnufotostudija.lt\/wp-content\/uploads\/2025\/02\/Bendra8-1-18x10.jpg 18w, https:\/\/new.sapnufotostudija.lt\/wp-content\/uploads\/2025\/02\/Bendra8-1-1160x653.jpg 1160w, https:\/\/new.sapnufotostudija.lt\/wp-content\/uploads\/2025\/02\/Bendra8-1-600x338.jpg 600w\" sizes=\"(max-width: 1024px) 100vw, 1024px\" \/><\/a><\/figure><\/li><\/ul><\/figure>\n\n\n\n<figure class=\"wp-block-gallery columns-3 is-cropped\"><ul class=\"blocks-gallery-grid\"><li class=\"blocks-gallery-item\"><figure><a href=\"https:\/\/new.sapnufotostudija.lt\/wp-content\/uploads\/2024\/02\/Virtuve7.jpg\"><img loading=\"lazy\" width=\"1024\" height=\"681\" src=\"https:\/\/new.sapnufotostudija.lt\/wp-content\/uploads\/2024\/02\/Virtuve7.jpg\" alt=\"\" data-id=\"617\" data-full-url=\"https:\/\/new.sapnufotostudija.lt\/wp-content\/uploads\/2024\/02\/Virtuve7.jpg\" data-link=\"https:\/\/new.sapnufotostudija.lt\/virtuve7\/\" class=\"wp-image-617\" srcset=\"https:\/\/new.sapnufotostudija.lt\/wp-content\/uploads\/2024\/02\/Virtuve7.jpg 2560w, https:\/\/new.sapnufotostudija.lt\/wp-content\/uploads\/2024\/02\/Virtuve7-300x200.jpg 300w, https:\/\/new.sapnufotostudija.lt\/wp-content\/uploads\/2024\/02\/Virtuve7-1024x681.jpg 1024w, https:\/\/new.sapnufotostudija.lt\/wp-content\/uploads\/2024\/02\/Virtuve7-768x511.jpg 768w, https:\/\/new.sapnufotostudija.lt\/wp-content\/uploads\/2024\/02\/Virtuve7-1536x1022.jpg 1536w, https:\/\/new.sapnufotostudija.lt\/wp-content\/uploads\/2024\/02\/Virtuve7-2048x1362.jpg 2048w, https:\/\/new.sapnufotostudija.lt\/wp-content\/uploads\/2024\/02\/Virtuve7-18x12.jpg 18w, https:\/\/new.sapnufotostudija.lt\/wp-content\/uploads\/2024\/02\/Virtuve7-600x399.jpg 600w\" sizes=\"(max-width: 1024px) 100vw, 1024px\" \/><\/a><\/figure><\/li><li class=\"blocks-gallery-item\"><figure><a href=\"https:\/\/new.sapnufotostudija.lt\/wp-content\/uploads\/2024\/02\/Virtuve8.jpg\"><img loading=\"lazy\" width=\"1024\" height=\"681\" src=\"https:\/\/new.sapnufotostudija.lt\/wp-content\/uploads\/2024\/02\/Virtuve8.jpg\" alt=\"\" data-id=\"618\" data-full-url=\"https:\/\/new.sapnufotostudija.lt\/wp-content\/uploads\/2024\/02\/Virtuve8.jpg\" data-link=\"https:\/\/new.sapnufotostudija.lt\/virtuve8\/\" class=\"wp-image-618\" srcset=\"https:\/\/new.sapnufotostudija.lt\/wp-content\/uploads\/2024\/02\/Virtuve8.jpg 2560w, https:\/\/new.sapnufotostudija.lt\/wp-content\/uploads\/2024\/02\/Virtuve8-300x200.jpg 300w, https:\/\/new.sapnufotostudija.lt\/wp-content\/uploads\/2024\/02\/Virtuve8-1024x681.jpg 1024w, https:\/\/new.sapnufotostudija.lt\/wp-content\/uploads\/2024\/02\/Virtuve8-768x511.jpg 768w, https:\/\/new.sapnufotostudija.lt\/wp-content\/uploads\/2024\/02\/Virtuve8-1536x1022.jpg 1536w, https:\/\/new.sapnufotostudija.lt\/wp-content\/uploads\/2024\/02\/Virtuve8-2048x1362.jpg 2048w, https:\/\/new.sapnufotostudija.lt\/wp-content\/uploads\/2024\/02\/Virtuve8-18x12.jpg 18w, https:\/\/new.sapnufotostudija.lt\/wp-content\/uploads\/2024\/02\/Virtuve8-600x399.jpg 600w\" sizes=\"(max-width: 1024px) 100vw, 1024px\" \/><\/a><\/figure><\/li><li class=\"blocks-gallery-item\"><figure><a href=\"https:\/\/new.sapnufotostudija.lt\/wp-content\/uploads\/2024\/02\/Virtuve9.jpg\"><img loading=\"lazy\" width=\"1024\" height=\"681\" src=\"https:\/\/new.sapnufotostudija.lt\/wp-content\/uploads\/2024\/02\/Virtuve9.jpg\" alt=\"\" data-id=\"615\" data-full-url=\"https:\/\/new.sapnufotostudija.lt\/wp-content\/uploads\/2024\/02\/Virtuve9.jpg\" data-link=\"https:\/\/new.sapnufotostudija.lt\/virtuve9\/\" class=\"wp-image-615\" srcset=\"https:\/\/new.sapnufotostudija.lt\/wp-content\/uploads\/2024\/02\/Virtuve9.jpg 2560w, https:\/\/new.sapnufotostudija.lt\/wp-content\/uploads\/2024\/02\/Virtuve9-300x200.jpg 300w, https:\/\/new.sapnufotostudija.lt\/wp-content\/uploads\/2024\/02\/Virtuve9-1024x681.jpg 1024w, https:\/\/new.sapnufotostudija.lt\/wp-content\/uploads\/2024\/02\/Virtuve9-768x511.jpg 768w, https:\/\/new.sapnufotostudija.lt\/wp-content\/uploads\/2024\/02\/Virtuve9-1536x1022.jpg 1536w, https:\/\/new.sapnufotostudija.lt\/wp-content\/uploads\/2024\/02\/Virtuve9-2048x1362.jpg 2048w, https:\/\/new.sapnufotostudija.lt\/wp-content\/uploads\/2024\/02\/Virtuve9-18x12.jpg 18w, https:\/\/new.sapnufotostudija.lt\/wp-content\/uploads\/2024\/02\/Virtuve9-600x399.jpg 600w\" sizes=\"(max-width: 1024px) 100vw, 1024px\" \/><\/a><\/figure><\/li><\/ul><\/figure>\n\n\n<p style=\"text-align: center;\"><em>You can find a detailed description of the studio, a list of available equipment, photos of props and scene ideas on the page <a href=\"https:\/\/new.sapnufotostudija.lt\/en\/iranga\/\" target=\"_blank\" rel=\"noopener\">EQUIPMENT<\/a><\/em><\/p>","protected":false},"excerpt":{"rendered":"<p>Apie mus Sapn\u0173 fotostudija yra vieta, kurioje laisvai \u012fgyvendinsite pa\u010dias \u012fvairiausias id\u0117jas. Daugiau nei 70 kv. m. erdv\u0117je rasite keturias skirting\u0173 dekoravim\u0173 sienas (balt\u0105 lygi\u0105, juod\u0105 grubl\u0117ta, sendint\u0105 rusv\u0105 ir pilk\u0105 grubl\u0117t\u0105) su gausybe rekvizit\u0173, \u0161viesiai \u012frengt\u0105 virtuv\u0119 bei pla\u010di\u0105 palang\u0119. 5 metr\u0173 auk\u0161\u010dio lubos, dideli langai, Godox SL200II ir Godox SL60 pastovios \u0161viesos lempos, [&hellip;]<\/p>","protected":false},"author":1,"featured_media":0,"parent":0,"menu_order":0,"comment_status":"closed","ping_status":"closed","template":"","meta":[],"_links":{"self":[{"href":"https:\/\/new.sapnufotostudija.lt\/en\/wp-json\/wp\/v2\/pages\/26"}],"collection":[{"href":"https:\/\/new.sapnufotostudija.lt\/en\/wp-json\/wp\/v2\/pages"}],"about":[{"href":"https:\/\/new.sapnufotostudija.lt\/en\/wp-json\/wp\/v2\/types\/page"}],"author":[{"embeddable":true,"href":"https:\/\/new.sapnufotostudija.lt\/en\/wp-json\/wp\/v2\/users\/1"}],"replies":[{"embeddable":true,"href":"https:\/\/new.sapnufotostudija.lt\/en\/wp-json\/wp\/v2\/comments?post=26"}],"version-history":[{"count":65,"href":"https:\/\/new.sapnufotostudija.lt\/en\/wp-json\/wp\/v2\/pages\/26\/revisions"}],"predecessor-version":[{"id":725,"href":"https:\/\/new.sapnufotostudija.lt\/en\/wp-json\/wp\/v2\/pages\/26\/revisions\/725"}],"wp:attachment":[{"href":"https:\/\/new.sapnufotostudija.lt\/en\/wp-json\/wp\/v2\/media?parent=26"}],"curies":[{"name":"wp","href":"https:\/\/api.w.org\/{rel}","templated":true}]}}