{"id":559,"date":"2023-02-02T16:55:04","date_gmt":"2023-02-02T16:55:04","guid":{"rendered":"https:\/\/new.sapnufotostudija.lt\/?page_id=559"},"modified":"2024-02-14T15:00:43","modified_gmt":"2024-02-14T15:00:43","slug":"baby-shower","status":"publish","type":"page","link":"https:\/\/new.sapnufotostudija.lt\/en\/baby-shower\/","title":{"rendered":"Baby shower"},"content":{"rendered":"<p>We invite you to hold a Baby shower celebration in the Sapn\u0173 photo studio!<\/p>\n\n\n\n<figure class=\"wp-block-gallery columns-3 is-cropped\"><ul class=\"blocks-gallery-grid\"><li class=\"blocks-gallery-item\"><figure><img loading=\"lazy\" width=\"819\" height=\"1024\" src=\"https:\/\/new.sapnufotostudija.lt\/wp-content\/uploads\/2024\/02\/Babyshower1-819x1024.jpg\" alt=\"\" data-id=\"601\" class=\"wp-image-601\" srcset=\"\" sizes=\"(max-width: 819px) 100vw, 819px\" data-srcset=\"\" \/><\/figure><\/li><li class=\"blocks-gallery-item\"><figure><img loading=\"lazy\" width=\"819\" height=\"1024\" src=\"https:\/\/new.sapnufotostudija.lt\/wp-content\/uploads\/2024\/02\/Babyshower11-819x1024.jpg\" alt=\"\" data-id=\"612\" data-full-url=\"https:\/\/new.sapnufotostudija.lt\/wp-content\/uploads\/2024\/02\/Babyshower11.jpg\" data-link=\"https:\/\/new.sapnufotostudija.lt\/baby-shower\/babyshower11\/\" class=\"wp-image-612\" srcset=\"\" sizes=\"(max-width: 819px) 100vw, 819px\" data-srcset=\"\" \/><\/figure><\/li><li class=\"blocks-gallery-item\"><figure><img loading=\"lazy\" width=\"819\" height=\"1024\" src=\"https:\/\/new.sapnufotostudija.lt\/wp-content\/uploads\/2024\/02\/Babyshower3-819x1024.jpg\" alt=\"\" data-id=\"603\" data-full-url=\"https:\/\/new.sapnufotostudija.lt\/wp-content\/uploads\/2024\/02\/Babyshower3.jpg\" data-link=\"https:\/\/new.sapnufotostudija.lt\/baby-shower\/babyshower3\/\" class=\"wp-image-603\" srcset=\"\" sizes=\"(max-width: 819px) 100vw, 819px\" data-srcset=\"\" \/><\/figure><\/li><\/ul><\/figure>\n\n\n\n<p>Standard offer:<br>3 hours in an already decorated and decorated photo studio with a BabyShower theme from only 200 EUR!<\/p>\n\n\n\n<p>This price includes:<br>time in the studio, decorations (you can see the decor in the photos) and a served table for up to 10 people.<\/p>\n\n\n\n<p>Additional terms:<\/p>\n\n\n\n<ul><li>Celebration during weekend (Saturday, Sunday, public holiday) +50 Eur.<\/li><li>Additional hour +30 EUR.<\/li><li>Cleaning fee +20 EUR.<\/li><\/ul>\n\n\n\n<p><strong>IMPORTANT!<\/strong> A table and 4 white chairs are brought to the studio only when booking a party. These props are not kept in the studio and cannot be used if you rent the studio only for your photo session. <br><br>Want to organize a celebration with your own decor? Then we will give you a 70 EUR discount! <\/p>\n\n\n\n<p>If you wish, we can recommend a photographer who specializes in event photography or you can invite your own photographer. The prices of the photo session, the number of photos and other conditions must be agreed directly with the photographer.<\/p>\n\n\n\n<figure class=\"wp-block-gallery columns-3 is-cropped\"><ul class=\"blocks-gallery-grid\"><li class=\"blocks-gallery-item\"><figure><img loading=\"lazy\" width=\"819\" height=\"1024\" src=\"https:\/\/new.sapnufotostudija.lt\/wp-content\/uploads\/2024\/02\/Babyshower4-819x1024.jpg\" alt=\"\" data-id=\"605\" data-full-url=\"https:\/\/new.sapnufotostudija.lt\/wp-content\/uploads\/2024\/02\/Babyshower4.jpg\" data-link=\"https:\/\/new.sapnufotostudija.lt\/baby-shower\/babyshower4\/\" class=\"wp-image-605\" srcset=\"\" sizes=\"(max-width: 819px) 100vw, 819px\" data-srcset=\"\" \/><\/figure><\/li><li class=\"blocks-gallery-item\"><figure><img loading=\"lazy\" width=\"819\" height=\"1024\" src=\"https:\/\/new.sapnufotostudija.lt\/wp-content\/uploads\/2024\/02\/Babyshower6-819x1024.jpg\" alt=\"\" data-id=\"606\" data-full-url=\"https:\/\/new.sapnufotostudija.lt\/wp-content\/uploads\/2024\/02\/Babyshower6.jpg\" data-link=\"https:\/\/new.sapnufotostudija.lt\/baby-shower\/babyshower6\/\" class=\"wp-image-606\" srcset=\"\" sizes=\"(max-width: 819px) 100vw, 819px\" data-srcset=\"\" \/><\/figure><\/li><li class=\"blocks-gallery-item\"><figure><img loading=\"lazy\" width=\"819\" height=\"1024\" src=\"https:\/\/new.sapnufotostudija.lt\/wp-content\/uploads\/2024\/02\/Babyshower7-819x1024.jpg\" alt=\"\" data-id=\"607\" data-full-url=\"https:\/\/new.sapnufotostudija.lt\/wp-content\/uploads\/2024\/02\/Babyshower7.jpg\" data-link=\"https:\/\/new.sapnufotostudija.lt\/baby-shower\/babyshower7\/\" class=\"wp-image-607\" srcset=\"\" sizes=\"(max-width: 819px) 100vw, 819px\" data-srcset=\"\" \/><\/figure><\/li><li class=\"blocks-gallery-item\"><figure><img loading=\"lazy\" width=\"819\" height=\"1024\" src=\"https:\/\/new.sapnufotostudija.lt\/wp-content\/uploads\/2024\/02\/Babyshower10-819x1024.jpg\" alt=\"\" data-id=\"610\" data-full-url=\"https:\/\/new.sapnufotostudija.lt\/wp-content\/uploads\/2024\/02\/Babyshower10.jpg\" data-link=\"https:\/\/new.sapnufotostudija.lt\/baby-shower\/babyshower10\/\" class=\"wp-image-610\" srcset=\"\" sizes=\"(max-width: 819px) 100vw, 819px\" data-srcset=\"\" \/><\/figure><\/li><li class=\"blocks-gallery-item\"><figure><img loading=\"lazy\" width=\"820\" height=\"1024\" src=\"https:\/\/new.sapnufotostudija.lt\/wp-content\/uploads\/2024\/02\/Babyshower8-820x1024.jpg\" alt=\"\" data-id=\"608\" data-full-url=\"https:\/\/new.sapnufotostudija.lt\/wp-content\/uploads\/2024\/02\/Babyshower8.jpg\" data-link=\"https:\/\/new.sapnufotostudija.lt\/baby-shower\/babyshower8\/\" class=\"wp-image-608\" srcset=\"\" sizes=\"(max-width: 820px) 100vw, 820px\" data-srcset=\"\" \/><\/figure><\/li><li class=\"blocks-gallery-item\"><figure><img loading=\"lazy\" width=\"819\" height=\"1024\" src=\"https:\/\/new.sapnufotostudija.lt\/wp-content\/uploads\/2024\/02\/Babyshower9-819x1024.jpg\" alt=\"\" data-id=\"609\" data-full-url=\"https:\/\/new.sapnufotostudija.lt\/wp-content\/uploads\/2024\/02\/Babyshower9.jpg\" data-link=\"https:\/\/new.sapnufotostudija.lt\/baby-shower\/babyshower9\/\" class=\"wp-image-609\" srcset=\"\" sizes=\"(max-width: 819px) 100vw, 819px\" data-srcset=\"\" \/><\/figure><\/li><\/ul><\/figure>","protected":false},"excerpt":{"rendered":"<p>Kvie\u010diame rengti Baby shower \u0161vent\u0119 Sapn\u0173 fotostudijoje! Standartinis pasi\u016blymas:3 val. jau papuo\u0161toje ir dekoruotoje fotostudijoje BabyShower tema vos nuo 200 EUR! \u012e \u0161i\u0105 kain\u0105 \u012feina:laikas studijoje, papuo\u0161imai ir dekoras (dekor\u0105 galite matyti nuotraukose) bei serviruotas stalas iki 10 asm. Papildomos s\u0105lygos: \u0160vent\u0117 savaitgal\u012f (\u0161e\u0161tad., sekmad., \u0161ventin\u0119 d.) +50 Eur. Papildoma valanda +30 Eur. Valymo mokestis [&hellip;]<\/p>","protected":false},"author":1,"featured_media":0,"parent":0,"menu_order":0,"comment_status":"closed","ping_status":"closed","template":"","meta":[],"_links":{"self":[{"href":"https:\/\/new.sapnufotostudija.lt\/en\/wp-json\/wp\/v2\/pages\/559"}],"collection":[{"href":"https:\/\/new.sapnufotostudija.lt\/en\/wp-json\/wp\/v2\/pages"}],"about":[{"href":"https:\/\/new.sapnufotostudija.lt\/en\/wp-json\/wp\/v2\/types\/page"}],"author":[{"embeddable":true,"href":"https:\/\/new.sapnufotostudija.lt\/en\/wp-json\/wp\/v2\/users\/1"}],"replies":[{"embeddable":true,"href":"https:\/\/new.sapnufotostudija.lt\/en\/wp-json\/wp\/v2\/comments?post=559"}],"version-history":[{"count":4,"href":"https:\/\/new.sapnufotostudija.lt\/en\/wp-json\/wp\/v2\/pages\/559\/revisions"}],"predecessor-version":[{"id":613,"href":"https:\/\/new.sapnufotostudija.lt\/en\/wp-json\/wp\/v2\/pages\/559\/revisions\/613"}],"wp:attachment":[{"href":"https:\/\/new.sapnufotostudija.lt\/en\/wp-json\/wp\/v2\/media?parent=559"}],"curies":[{"name":"wp","href":"https:\/\/api.w.org\/{rel}","templated":true}]}}